{"id":580,"date":"2025-07-18T05:07:34","date_gmt":"2025-07-18T09:07:34","guid":{"rendered":"https:\/\/castlemaindev.wpenginepowered.com\/?page_id=580"},"modified":"2025-09-18T23:51:47","modified_gmt":"2025-09-18T23:51:47","slug":"navigation-dans-le-reglement-et-soutien-aux-communautes","status":"publish","type":"page","link":"https:\/\/www.castlemain.com\/fr\/services\/navigation-dans-le-reglement-et-soutien-aux-communautes\/","title":{"rendered":"Navigation dans le r\u00e8glement et soutien aux communaut\u00e9s"},"content":{"rendered":"","protected":false},"excerpt":{"rendered":"","protected":false},"author":3,"featured_media":0,"parent":605,"menu_order":2,"comment_status":"open","ping_status":"open","template":"","meta":{"_acf_changed":false,"inline_featured_image":false,"footnotes":""},"class_list":["post-580","page","type-page","status-publish","hentry"],"acf":[],"yoast_head":"<!-- This site is optimized with the Yoast SEO plugin v27.3 - https:\/\/yoast.com\/product\/yoast-seo-wordpress\/ -->\n<title>Navigation dans le r\u00e8glement et soutien aux communaut\u00e9s - Castlemain Group<\/title>\n<meta name=\"description\" content=\"Nous offrons une aide \u00e0 l&#039;\u00e9chelle nationale pour aider les membres du groupe \u00e0 remplir leurs demandes d&#039;indemnisation, \u00e0 rassembler les documents requis et \u00e0 acc\u00e9der \u00e0 des services de bien-\u00eatre ou \u00e0 un soutien culturel.\" \/>\n<meta name=\"robots\" content=\"index, follow, max-snippet:-1, max-image-preview:large, max-video-preview:-1\" \/>\n<link rel=\"canonical\" href=\"https:\/\/www.castlemain.com\/services\/community-support-and-navigation\/\" \/>\n<meta property=\"og:locale\" content=\"fr_FR\" \/>\n<meta property=\"og:type\" content=\"article\" \/>\n<meta property=\"og:title\" content=\"Navigation dans le r\u00e8glement et soutien aux communaut\u00e9s | Castlemain\" \/>\n<meta property=\"og:description\" content=\"Nous offrons une aide \u00e0 l&#039;\u00e9chelle nationale pour aider les membres du groupe \u00e0 remplir leurs demandes d&#039;indemnisation, \u00e0 rassembler les documents requis et \u00e0 acc\u00e9der \u00e0 des services de bien-\u00eatre ou \u00e0 un soutien culturel.\" \/>\n<meta property=\"og:url\" content=\"https:\/\/www.castlemain.com\/services\/community-support-and-navigation\/\" \/>\n<meta property=\"og:site_name\" content=\"Castlemain Group\" \/>\n<meta property=\"article:modified_time\" content=\"2025-09-18T23:51:47+00:00\" \/>\n<meta property=\"og:image\" content=\"https:\/\/www.castlemain.com\/wp-content\/uploads\/2025\/09\/GettyImages-89618660.webp\" \/>\n\t<meta property=\"og:image:width\" content=\"1500\" \/>\n\t<meta property=\"og:image:height\" content=\"1000\" \/>\n\t<meta property=\"og:image:type\" content=\"image\/webp\" \/>\n<meta name=\"twitter:card\" content=\"summary_large_image\" \/>\n<script type=\"application\/ld+json\" class=\"yoast-schema-graph\">{\"@context\":\"https:\\\/\\\/schema.org\",\"@graph\":[{\"@type\":\"WebPage\",\"@id\":\"https:\\\/\\\/www.castlemain.com\\\/services\\\/community-support-and-navigation\\\/\",\"url\":\"https:\\\/\\\/www.castlemain.com\\\/services\\\/community-support-and-navigation\\\/\",\"name\":\"Navigation dans le r\u00e8glement et soutien aux communaut\u00e9s - Castlemain Group\",\"isPartOf\":{\"@id\":\"https:\\\/\\\/www.castlemain.com\\\/#website\"},\"datePublished\":\"2025-07-18T09:07:34+00:00\",\"dateModified\":\"2025-09-18T23:51:47+00:00\",\"description\":\"Nous offrons une aide \u00e0 l'\u00e9chelle nationale pour aider les membres du groupe \u00e0 remplir leurs demandes d'indemnisation, \u00e0 rassembler les documents requis et \u00e0 acc\u00e9der \u00e0 des services de bien-\u00eatre ou \u00e0 un soutien culturel.\",\"breadcrumb\":{\"@id\":\"https:\\\/\\\/www.castlemain.com\\\/services\\\/community-support-and-navigation\\\/#breadcrumb\"},\"inLanguage\":\"fr-FR\",\"potentialAction\":[{\"@type\":\"ReadAction\",\"target\":[\"https:\\\/\\\/www.castlemain.com\\\/services\\\/community-support-and-navigation\\\/\"]}]},{\"@type\":\"BreadcrumbList\",\"@id\":\"https:\\\/\\\/www.castlemain.com\\\/services\\\/community-support-and-navigation\\\/#breadcrumb\",\"itemListElement\":[{\"@type\":\"ListItem\",\"position\":1,\"name\":\"Home\",\"item\":\"https:\\\/\\\/www.castlemain.com\\\/fr\\\/\"},{\"@type\":\"ListItem\",\"position\":2,\"name\":\"Services\",\"item\":\"https:\\\/\\\/www.castlemain.com\\\/services\\\/\"},{\"@type\":\"ListItem\",\"position\":3,\"name\":\"Navigation dans le r\u00e8glement et soutien aux communaut\u00e9s\"}]},{\"@type\":\"WebSite\",\"@id\":\"https:\\\/\\\/www.castlemain.com\\\/#website\",\"url\":\"https:\\\/\\\/www.castlemain.com\\\/\",\"name\":\"Castlemain Group\",\"description\":\"\",\"publisher\":{\"@id\":\"https:\\\/\\\/www.castlemain.com\\\/#organization\"},\"potentialAction\":[{\"@type\":\"SearchAction\",\"target\":{\"@type\":\"EntryPoint\",\"urlTemplate\":\"https:\\\/\\\/www.castlemain.com\\\/?s={search_term_string}\"},\"query-input\":{\"@type\":\"PropertyValueSpecification\",\"valueRequired\":true,\"valueName\":\"search_term_string\"}}],\"inLanguage\":\"fr-FR\"},{\"@type\":\"Organization\",\"@id\":\"https:\\\/\\\/www.castlemain.com\\\/#organization\",\"name\":\"Castlemain Group\",\"url\":\"https:\\\/\\\/www.castlemain.com\\\/\",\"logo\":{\"@type\":\"ImageObject\",\"inLanguage\":\"fr-FR\",\"@id\":\"https:\\\/\\\/www.castlemain.com\\\/#\\\/schema\\\/logo\\\/image\\\/\",\"url\":\"https:\\\/\\\/www.castlemain.com\\\/wp-content\\\/uploads\\\/2026\\\/03\\\/Castlemain-Logo-Black-RGB.svg\",\"contentUrl\":\"https:\\\/\\\/www.castlemain.com\\\/wp-content\\\/uploads\\\/2026\\\/03\\\/Castlemain-Logo-Black-RGB.svg\",\"caption\":\"Castlemain Group\"},\"image\":{\"@id\":\"https:\\\/\\\/www.castlemain.com\\\/#\\\/schema\\\/logo\\\/image\\\/\"}}]}<\/script>\n<!-- \/ Yoast SEO plugin. -->","yoast_head_json":{"title":"Navigation dans le r\u00e8glement et soutien aux communaut\u00e9s - Castlemain Group","description":"Nous offrons une aide \u00e0 l'\u00e9chelle nationale pour aider les membres du groupe \u00e0 remplir leurs demandes d'indemnisation, \u00e0 rassembler les documents requis et \u00e0 acc\u00e9der \u00e0 des services de bien-\u00eatre ou \u00e0 un soutien culturel.","robots":{"index":"index","follow":"follow","max-snippet":"max-snippet:-1","max-image-preview":"max-image-preview:large","max-video-preview":"max-video-preview:-1"},"canonical":"https:\/\/www.castlemain.com\/services\/community-support-and-navigation\/","og_locale":"fr_FR","og_type":"article","og_title":"Navigation dans le r\u00e8glement et soutien aux communaut\u00e9s | Castlemain","og_description":"Nous offrons une aide \u00e0 l'\u00e9chelle nationale pour aider les membres du groupe \u00e0 remplir leurs demandes d'indemnisation, \u00e0 rassembler les documents requis et \u00e0 acc\u00e9der \u00e0 des services de bien-\u00eatre ou \u00e0 un soutien culturel.","og_url":"https:\/\/www.castlemain.com\/services\/community-support-and-navigation\/","og_site_name":"Castlemain Group","article_modified_time":"2025-09-18T23:51:47+00:00","og_image":[{"width":1500,"height":1000,"url":"https:\/\/www.castlemain.com\/wp-content\/uploads\/2025\/09\/GettyImages-89618660.webp","type":"image\/webp"}],"twitter_card":"summary_large_image","schema":{"@context":"https:\/\/schema.org","@graph":[{"@type":"WebPage","@id":"https:\/\/www.castlemain.com\/services\/community-support-and-navigation\/","url":"https:\/\/www.castlemain.com\/services\/community-support-and-navigation\/","name":"Navigation dans le r\u00e8glement et soutien aux communaut\u00e9s - Castlemain Group","isPartOf":{"@id":"https:\/\/www.castlemain.com\/#website"},"datePublished":"2025-07-18T09:07:34+00:00","dateModified":"2025-09-18T23:51:47+00:00","description":"Nous offrons une aide \u00e0 l'\u00e9chelle nationale pour aider les membres du groupe \u00e0 remplir leurs demandes d'indemnisation, \u00e0 rassembler les documents requis et \u00e0 acc\u00e9der \u00e0 des services de bien-\u00eatre ou \u00e0 un soutien culturel.","breadcrumb":{"@id":"https:\/\/www.castlemain.com\/services\/community-support-and-navigation\/#breadcrumb"},"inLanguage":"fr-FR","potentialAction":[{"@type":"ReadAction","target":["https:\/\/www.castlemain.com\/services\/community-support-and-navigation\/"]}]},{"@type":"BreadcrumbList","@id":"https:\/\/www.castlemain.com\/services\/community-support-and-navigation\/#breadcrumb","itemListElement":[{"@type":"ListItem","position":1,"name":"Home","item":"https:\/\/www.castlemain.com\/fr\/"},{"@type":"ListItem","position":2,"name":"Services","item":"https:\/\/www.castlemain.com\/services\/"},{"@type":"ListItem","position":3,"name":"Navigation dans le r\u00e8glement et soutien aux communaut\u00e9s"}]},{"@type":"WebSite","@id":"https:\/\/www.castlemain.com\/#website","url":"https:\/\/www.castlemain.com\/","name":"Castlemain Group","description":"","publisher":{"@id":"https:\/\/www.castlemain.com\/#organization"},"potentialAction":[{"@type":"SearchAction","target":{"@type":"EntryPoint","urlTemplate":"https:\/\/www.castlemain.com\/?s={search_term_string}"},"query-input":{"@type":"PropertyValueSpecification","valueRequired":true,"valueName":"search_term_string"}}],"inLanguage":"fr-FR"},{"@type":"Organization","@id":"https:\/\/www.castlemain.com\/#organization","name":"Castlemain Group","url":"https:\/\/www.castlemain.com\/","logo":{"@type":"ImageObject","inLanguage":"fr-FR","@id":"https:\/\/www.castlemain.com\/#\/schema\/logo\/image\/","url":"https:\/\/www.castlemain.com\/wp-content\/uploads\/2026\/03\/Castlemain-Logo-Black-RGB.svg","contentUrl":"https:\/\/www.castlemain.com\/wp-content\/uploads\/2026\/03\/Castlemain-Logo-Black-RGB.svg","caption":"Castlemain Group"},"image":{"@id":"https:\/\/www.castlemain.com\/#\/schema\/logo\/image\/"}}]}},"_links":{"self":[{"href":"https:\/\/www.castlemain.com\/fr\/wp-json\/wp\/v2\/pages\/580","targetHints":{"allow":["GET"]}}],"collection":[{"href":"https:\/\/www.castlemain.com\/fr\/wp-json\/wp\/v2\/pages"}],"about":[{"href":"https:\/\/www.castlemain.com\/fr\/wp-json\/wp\/v2\/types\/page"}],"author":[{"embeddable":true,"href":"https:\/\/www.castlemain.com\/fr\/wp-json\/wp\/v2\/users\/3"}],"replies":[{"embeddable":true,"href":"https:\/\/www.castlemain.com\/fr\/wp-json\/wp\/v2\/comments?post=580"}],"version-history":[{"count":0,"href":"https:\/\/www.castlemain.com\/fr\/wp-json\/wp\/v2\/pages\/580\/revisions"}],"up":[{"embeddable":true,"href":"https:\/\/www.castlemain.com\/fr\/wp-json\/wp\/v2\/pages\/605"}],"wp:attachment":[{"href":"https:\/\/www.castlemain.com\/fr\/wp-json\/wp\/v2\/media?parent=580"}],"curies":[{"name":"wp","href":"https:\/\/api.w.org\/{rel}","templated":true}]}}