{"id":589,"date":"2025-07-16T02:49:41","date_gmt":"2025-07-16T06:49:41","guid":{"rendered":"https:\/\/castlemaindev.wpenginepowered.com\/?page_id=589"},"modified":"2025-09-18T23:39:17","modified_gmt":"2025-09-18T23:39:17","slug":"ethique-conformite-et-transparence","status":"publish","type":"page","link":"https:\/\/www.castlemain.com\/fr\/a-propos\/ethique-conformite-et-transparence\/","title":{"rendered":"\u00c9thique, conformit\u00e9 et transparence"},"content":{"rendered":"","protected":false},"excerpt":{"rendered":"","protected":false},"author":3,"featured_media":0,"parent":470,"menu_order":2,"comment_status":"open","ping_status":"open","template":"","meta":{"_acf_changed":false,"inline_featured_image":false,"footnotes":""},"class_list":["post-589","page","type-page","status-publish","hentry"],"acf":[],"yoast_head":"<!-- This site is optimized with the Yoast SEO plugin v27.3 - https:\/\/yoast.com\/product\/yoast-seo-wordpress\/ -->\n<title>\u00c9thique, conformit\u00e9 et transparence - Castlemain Group<\/title>\n<meta name=\"description\" content=\"D\u00e9couvrez l&#039;engagement de Castlemain en mati\u00e8re d&#039;\u00e9thique, de conformit\u00e9 et de transparence. Nous suivons des codes de conduite stricts, garantissons la responsabilit\u00e9 et d\u00e9fendons l&#039;int\u00e9grit\u00e9 dans tous les recours collectifs et services d&#039;aide \u00e0 la communaut\u00e9.\" \/>\n<meta name=\"robots\" content=\"index, follow, max-snippet:-1, max-image-preview:large, max-video-preview:-1\" \/>\n<link rel=\"canonical\" href=\"https:\/\/www.castlemain.com\/about\/ethics-compliance-and-transparency\/\" \/>\n<meta property=\"og:locale\" content=\"fr_FR\" \/>\n<meta property=\"og:type\" content=\"article\" \/>\n<meta property=\"og:title\" content=\"\u00c9thique, conformit\u00e9 et transparence | Castlemain\" \/>\n<meta property=\"og:description\" content=\"D\u00e9couvrez l&#039;engagement de Castlemain en mati\u00e8re d&#039;\u00e9thique, de conformit\u00e9 et de transparence. Nous suivons des codes de conduite stricts, garantissons la responsabilit\u00e9 et d\u00e9fendons l&#039;int\u00e9grit\u00e9 dans tous les recours collectifs et services d&#039;aide \u00e0 la communaut\u00e9.\" \/>\n<meta property=\"og:url\" content=\"https:\/\/www.castlemain.com\/about\/ethics-compliance-and-transparency\/\" \/>\n<meta property=\"og:site_name\" content=\"Castlemain Group\" \/>\n<meta property=\"article:modified_time\" content=\"2025-09-18T23:39:17+00:00\" \/>\n<meta property=\"og:image\" content=\"https:\/\/www.castlemain.com\/wp-content\/uploads\/2025\/07\/ethics_hero_mob.webp\" \/>\n\t<meta property=\"og:image:width\" content=\"786\" \/>\n\t<meta property=\"og:image:height\" content=\"348\" \/>\n\t<meta property=\"og:image:type\" content=\"image\/webp\" \/>\n<meta name=\"twitter:card\" content=\"summary_large_image\" \/>\n<script type=\"application\/ld+json\" class=\"yoast-schema-graph\">{\"@context\":\"https:\\\/\\\/schema.org\",\"@graph\":[{\"@type\":\"WebPage\",\"@id\":\"https:\\\/\\\/www.castlemain.com\\\/about\\\/ethics-compliance-and-transparency\\\/\",\"url\":\"https:\\\/\\\/www.castlemain.com\\\/about\\\/ethics-compliance-and-transparency\\\/\",\"name\":\"\u00c9thique, conformit\u00e9 et transparence - Castlemain Group\",\"isPartOf\":{\"@id\":\"https:\\\/\\\/www.castlemain.com\\\/#website\"},\"datePublished\":\"2025-07-16T06:49:41+00:00\",\"dateModified\":\"2025-09-18T23:39:17+00:00\",\"description\":\"D\u00e9couvrez l'engagement de Castlemain en mati\u00e8re d'\u00e9thique, de conformit\u00e9 et de transparence. Nous suivons des codes de conduite stricts, garantissons la responsabilit\u00e9 et d\u00e9fendons l'int\u00e9grit\u00e9 dans tous les recours collectifs et services d'aide \u00e0 la communaut\u00e9.\",\"breadcrumb\":{\"@id\":\"https:\\\/\\\/www.castlemain.com\\\/about\\\/ethics-compliance-and-transparency\\\/#breadcrumb\"},\"inLanguage\":\"fr-FR\",\"potentialAction\":[{\"@type\":\"ReadAction\",\"target\":[\"https:\\\/\\\/www.castlemain.com\\\/about\\\/ethics-compliance-and-transparency\\\/\"]}]},{\"@type\":\"BreadcrumbList\",\"@id\":\"https:\\\/\\\/www.castlemain.com\\\/about\\\/ethics-compliance-and-transparency\\\/#breadcrumb\",\"itemListElement\":[{\"@type\":\"ListItem\",\"position\":1,\"name\":\"Home\",\"item\":\"https:\\\/\\\/www.castlemain.com\\\/fr\\\/\"},{\"@type\":\"ListItem\",\"position\":2,\"name\":\"\u00c0 propos\",\"item\":\"https:\\\/\\\/www.castlemain.com\\\/fr\\\/a-propos\\\/\"},{\"@type\":\"ListItem\",\"position\":3,\"name\":\"\u00c9thique, conformit\u00e9 et transparence\"}]},{\"@type\":\"WebSite\",\"@id\":\"https:\\\/\\\/www.castlemain.com\\\/#website\",\"url\":\"https:\\\/\\\/www.castlemain.com\\\/\",\"name\":\"Castlemain Group\",\"description\":\"\",\"publisher\":{\"@id\":\"https:\\\/\\\/www.castlemain.com\\\/#organization\"},\"potentialAction\":[{\"@type\":\"SearchAction\",\"target\":{\"@type\":\"EntryPoint\",\"urlTemplate\":\"https:\\\/\\\/www.castlemain.com\\\/?s={search_term_string}\"},\"query-input\":{\"@type\":\"PropertyValueSpecification\",\"valueRequired\":true,\"valueName\":\"search_term_string\"}}],\"inLanguage\":\"fr-FR\"},{\"@type\":\"Organization\",\"@id\":\"https:\\\/\\\/www.castlemain.com\\\/#organization\",\"name\":\"Castlemain Group\",\"url\":\"https:\\\/\\\/www.castlemain.com\\\/\",\"logo\":{\"@type\":\"ImageObject\",\"inLanguage\":\"fr-FR\",\"@id\":\"https:\\\/\\\/www.castlemain.com\\\/#\\\/schema\\\/logo\\\/image\\\/\",\"url\":\"https:\\\/\\\/www.castlemain.com\\\/wp-content\\\/uploads\\\/2026\\\/03\\\/Castlemain-Logo-Black-RGB.svg\",\"contentUrl\":\"https:\\\/\\\/www.castlemain.com\\\/wp-content\\\/uploads\\\/2026\\\/03\\\/Castlemain-Logo-Black-RGB.svg\",\"caption\":\"Castlemain Group\"},\"image\":{\"@id\":\"https:\\\/\\\/www.castlemain.com\\\/#\\\/schema\\\/logo\\\/image\\\/\"}}]}<\/script>\n<!-- \/ Yoast SEO plugin. -->","yoast_head_json":{"title":"\u00c9thique, conformit\u00e9 et transparence - Castlemain Group","description":"D\u00e9couvrez l'engagement de Castlemain en mati\u00e8re d'\u00e9thique, de conformit\u00e9 et de transparence. Nous suivons des codes de conduite stricts, garantissons la responsabilit\u00e9 et d\u00e9fendons l'int\u00e9grit\u00e9 dans tous les recours collectifs et services d'aide \u00e0 la communaut\u00e9.","robots":{"index":"index","follow":"follow","max-snippet":"max-snippet:-1","max-image-preview":"max-image-preview:large","max-video-preview":"max-video-preview:-1"},"canonical":"https:\/\/www.castlemain.com\/about\/ethics-compliance-and-transparency\/","og_locale":"fr_FR","og_type":"article","og_title":"\u00c9thique, conformit\u00e9 et transparence | Castlemain","og_description":"D\u00e9couvrez l'engagement de Castlemain en mati\u00e8re d'\u00e9thique, de conformit\u00e9 et de transparence. Nous suivons des codes de conduite stricts, garantissons la responsabilit\u00e9 et d\u00e9fendons l'int\u00e9grit\u00e9 dans tous les recours collectifs et services d'aide \u00e0 la communaut\u00e9.","og_url":"https:\/\/www.castlemain.com\/about\/ethics-compliance-and-transparency\/","og_site_name":"Castlemain Group","article_modified_time":"2025-09-18T23:39:17+00:00","og_image":[{"width":786,"height":348,"url":"https:\/\/www.castlemain.com\/wp-content\/uploads\/2025\/07\/ethics_hero_mob.webp","type":"image\/webp"}],"twitter_card":"summary_large_image","schema":{"@context":"https:\/\/schema.org","@graph":[{"@type":"WebPage","@id":"https:\/\/www.castlemain.com\/about\/ethics-compliance-and-transparency\/","url":"https:\/\/www.castlemain.com\/about\/ethics-compliance-and-transparency\/","name":"\u00c9thique, conformit\u00e9 et transparence - Castlemain Group","isPartOf":{"@id":"https:\/\/www.castlemain.com\/#website"},"datePublished":"2025-07-16T06:49:41+00:00","dateModified":"2025-09-18T23:39:17+00:00","description":"D\u00e9couvrez l'engagement de Castlemain en mati\u00e8re d'\u00e9thique, de conformit\u00e9 et de transparence. Nous suivons des codes de conduite stricts, garantissons la responsabilit\u00e9 et d\u00e9fendons l'int\u00e9grit\u00e9 dans tous les recours collectifs et services d'aide \u00e0 la communaut\u00e9.","breadcrumb":{"@id":"https:\/\/www.castlemain.com\/about\/ethics-compliance-and-transparency\/#breadcrumb"},"inLanguage":"fr-FR","potentialAction":[{"@type":"ReadAction","target":["https:\/\/www.castlemain.com\/about\/ethics-compliance-and-transparency\/"]}]},{"@type":"BreadcrumbList","@id":"https:\/\/www.castlemain.com\/about\/ethics-compliance-and-transparency\/#breadcrumb","itemListElement":[{"@type":"ListItem","position":1,"name":"Home","item":"https:\/\/www.castlemain.com\/fr\/"},{"@type":"ListItem","position":2,"name":"\u00c0 propos","item":"https:\/\/www.castlemain.com\/fr\/a-propos\/"},{"@type":"ListItem","position":3,"name":"\u00c9thique, conformit\u00e9 et transparence"}]},{"@type":"WebSite","@id":"https:\/\/www.castlemain.com\/#website","url":"https:\/\/www.castlemain.com\/","name":"Castlemain Group","description":"","publisher":{"@id":"https:\/\/www.castlemain.com\/#organization"},"potentialAction":[{"@type":"SearchAction","target":{"@type":"EntryPoint","urlTemplate":"https:\/\/www.castlemain.com\/?s={search_term_string}"},"query-input":{"@type":"PropertyValueSpecification","valueRequired":true,"valueName":"search_term_string"}}],"inLanguage":"fr-FR"},{"@type":"Organization","@id":"https:\/\/www.castlemain.com\/#organization","name":"Castlemain Group","url":"https:\/\/www.castlemain.com\/","logo":{"@type":"ImageObject","inLanguage":"fr-FR","@id":"https:\/\/www.castlemain.com\/#\/schema\/logo\/image\/","url":"https:\/\/www.castlemain.com\/wp-content\/uploads\/2026\/03\/Castlemain-Logo-Black-RGB.svg","contentUrl":"https:\/\/www.castlemain.com\/wp-content\/uploads\/2026\/03\/Castlemain-Logo-Black-RGB.svg","caption":"Castlemain Group"},"image":{"@id":"https:\/\/www.castlemain.com\/#\/schema\/logo\/image\/"}}]}},"_links":{"self":[{"href":"https:\/\/www.castlemain.com\/fr\/wp-json\/wp\/v2\/pages\/589","targetHints":{"allow":["GET"]}}],"collection":[{"href":"https:\/\/www.castlemain.com\/fr\/wp-json\/wp\/v2\/pages"}],"about":[{"href":"https:\/\/www.castlemain.com\/fr\/wp-json\/wp\/v2\/types\/page"}],"author":[{"embeddable":true,"href":"https:\/\/www.castlemain.com\/fr\/wp-json\/wp\/v2\/users\/3"}],"replies":[{"embeddable":true,"href":"https:\/\/www.castlemain.com\/fr\/wp-json\/wp\/v2\/comments?post=589"}],"version-history":[{"count":0,"href":"https:\/\/www.castlemain.com\/fr\/wp-json\/wp\/v2\/pages\/589\/revisions"}],"up":[{"embeddable":true,"href":"https:\/\/www.castlemain.com\/fr\/wp-json\/wp\/v2\/pages\/470"}],"wp:attachment":[{"href":"https:\/\/www.castlemain.com\/fr\/wp-json\/wp\/v2\/media?parent=589"}],"curies":[{"name":"wp","href":"https:\/\/api.w.org\/{rel}","templated":true}]}}