{"id":601,"date":"2025-07-19T02:59:04","date_gmt":"2025-07-19T02:59:04","guid":{"rendered":"https:\/\/castlemaindev.wpenginepowered.com\/?page_id=601"},"modified":"2025-09-19T00:00:48","modified_gmt":"2025-09-19T00:00:48","slug":"reflexion","status":"publish","type":"page","link":"https:\/\/www.castlemain.com\/fr\/reflexion\/","title":{"rendered":"R\u00e9flexion"},"content":{"rendered":"","protected":false},"excerpt":{"rendered":"","protected":false},"author":3,"featured_media":0,"parent":0,"menu_order":0,"comment_status":"open","ping_status":"open","template":"","meta":{"_acf_changed":false,"inline_featured_image":false,"footnotes":""},"class_list":["post-601","page","type-page","status-publish","hentry"],"acf":[],"yoast_head":"<!-- This site is optimized with the Yoast SEO plugin v27.3 - https:\/\/yoast.com\/product\/yoast-seo-wordpress\/ -->\n<title>R\u00e9flexion - Castlemain Group<\/title>\n<meta name=\"description\" content=\"Explorez cet espace d\u00e9di\u00e9 \u00e0 la r\u00e9flexion honn\u00eate et \u00e0 l&#039;apprentissage, alors que nous accompagnons des communaut\u00e9s qui ont \u00e9t\u00e9 historiquement sous-repr\u00e9sent\u00e9es ou marginalis\u00e9es.\" \/>\n<meta name=\"robots\" content=\"index, follow, max-snippet:-1, max-image-preview:large, max-video-preview:-1\" \/>\n<link rel=\"canonical\" href=\"https:\/\/www.castlemain.com\/reflection\/\" \/>\n<meta property=\"og:locale\" content=\"fr_FR\" \/>\n<meta property=\"og:type\" content=\"article\" \/>\n<meta property=\"og:title\" content=\"R\u00e9flexions | Castlemain\" \/>\n<meta property=\"og:description\" content=\"Explorez cet espace d\u00e9di\u00e9 \u00e0 la r\u00e9flexion honn\u00eate et \u00e0 l&#039;apprentissage, alors que nous accompagnons des communaut\u00e9s qui ont \u00e9t\u00e9 historiquement sous-repr\u00e9sent\u00e9es ou marginalis\u00e9es.\" \/>\n<meta property=\"og:url\" content=\"https:\/\/www.castlemain.com\/reflection\/\" \/>\n<meta property=\"og:site_name\" content=\"Castlemain Group\" \/>\n<meta property=\"article:modified_time\" content=\"2025-09-19T00:00:48+00:00\" \/>\n<meta property=\"og:image\" content=\"https:\/\/www.castlemain.com\/wp-content\/uploads\/2025\/07\/02-1.webp\" \/>\n\t<meta property=\"og:image:width\" content=\"2010\" \/>\n\t<meta property=\"og:image:height\" content=\"1616\" \/>\n\t<meta property=\"og:image:type\" content=\"image\/webp\" \/>\n<meta name=\"twitter:card\" content=\"summary_large_image\" \/>\n<script type=\"application\/ld+json\" class=\"yoast-schema-graph\">{\"@context\":\"https:\\\/\\\/schema.org\",\"@graph\":[{\"@type\":\"WebPage\",\"@id\":\"https:\\\/\\\/www.castlemain.com\\\/reflection\\\/\",\"url\":\"https:\\\/\\\/www.castlemain.com\\\/reflection\\\/\",\"name\":\"R\u00e9flexion - Castlemain Group\",\"isPartOf\":{\"@id\":\"https:\\\/\\\/www.castlemain.com\\\/#website\"},\"datePublished\":\"2025-07-19T02:59:04+00:00\",\"dateModified\":\"2025-09-19T00:00:48+00:00\",\"description\":\"Explorez cet espace d\u00e9di\u00e9 \u00e0 la r\u00e9flexion honn\u00eate et \u00e0 l'apprentissage, alors que nous accompagnons des communaut\u00e9s qui ont \u00e9t\u00e9 historiquement sous-repr\u00e9sent\u00e9es ou marginalis\u00e9es.\",\"breadcrumb\":{\"@id\":\"https:\\\/\\\/www.castlemain.com\\\/reflection\\\/#breadcrumb\"},\"inLanguage\":\"fr-FR\",\"potentialAction\":[{\"@type\":\"ReadAction\",\"target\":[\"https:\\\/\\\/www.castlemain.com\\\/reflection\\\/\"]}]},{\"@type\":\"BreadcrumbList\",\"@id\":\"https:\\\/\\\/www.castlemain.com\\\/reflection\\\/#breadcrumb\",\"itemListElement\":[{\"@type\":\"ListItem\",\"position\":1,\"name\":\"Home\",\"item\":\"https:\\\/\\\/www.castlemain.com\\\/fr\\\/\"},{\"@type\":\"ListItem\",\"position\":2,\"name\":\"R\u00e9flexion\"}]},{\"@type\":\"WebSite\",\"@id\":\"https:\\\/\\\/www.castlemain.com\\\/#website\",\"url\":\"https:\\\/\\\/www.castlemain.com\\\/\",\"name\":\"Castlemain Group\",\"description\":\"\",\"publisher\":{\"@id\":\"https:\\\/\\\/www.castlemain.com\\\/#organization\"},\"potentialAction\":[{\"@type\":\"SearchAction\",\"target\":{\"@type\":\"EntryPoint\",\"urlTemplate\":\"https:\\\/\\\/www.castlemain.com\\\/?s={search_term_string}\"},\"query-input\":{\"@type\":\"PropertyValueSpecification\",\"valueRequired\":true,\"valueName\":\"search_term_string\"}}],\"inLanguage\":\"fr-FR\"},{\"@type\":\"Organization\",\"@id\":\"https:\\\/\\\/www.castlemain.com\\\/#organization\",\"name\":\"Castlemain Group\",\"url\":\"https:\\\/\\\/www.castlemain.com\\\/\",\"logo\":{\"@type\":\"ImageObject\",\"inLanguage\":\"fr-FR\",\"@id\":\"https:\\\/\\\/www.castlemain.com\\\/#\\\/schema\\\/logo\\\/image\\\/\",\"url\":\"https:\\\/\\\/www.castlemain.com\\\/wp-content\\\/uploads\\\/2026\\\/03\\\/Castlemain-Logo-Black-RGB.svg\",\"contentUrl\":\"https:\\\/\\\/www.castlemain.com\\\/wp-content\\\/uploads\\\/2026\\\/03\\\/Castlemain-Logo-Black-RGB.svg\",\"caption\":\"Castlemain Group\"},\"image\":{\"@id\":\"https:\\\/\\\/www.castlemain.com\\\/#\\\/schema\\\/logo\\\/image\\\/\"}}]}<\/script>\n<!-- \/ Yoast SEO plugin. -->","yoast_head_json":{"title":"R\u00e9flexion - Castlemain Group","description":"Explorez cet espace d\u00e9di\u00e9 \u00e0 la r\u00e9flexion honn\u00eate et \u00e0 l'apprentissage, alors que nous accompagnons des communaut\u00e9s qui ont \u00e9t\u00e9 historiquement sous-repr\u00e9sent\u00e9es ou marginalis\u00e9es.","robots":{"index":"index","follow":"follow","max-snippet":"max-snippet:-1","max-image-preview":"max-image-preview:large","max-video-preview":"max-video-preview:-1"},"canonical":"https:\/\/www.castlemain.com\/reflection\/","og_locale":"fr_FR","og_type":"article","og_title":"R\u00e9flexions | Castlemain","og_description":"Explorez cet espace d\u00e9di\u00e9 \u00e0 la r\u00e9flexion honn\u00eate et \u00e0 l'apprentissage, alors que nous accompagnons des communaut\u00e9s qui ont \u00e9t\u00e9 historiquement sous-repr\u00e9sent\u00e9es ou marginalis\u00e9es.","og_url":"https:\/\/www.castlemain.com\/reflection\/","og_site_name":"Castlemain Group","article_modified_time":"2025-09-19T00:00:48+00:00","og_image":[{"width":2010,"height":1616,"url":"https:\/\/www.castlemain.com\/wp-content\/uploads\/2025\/07\/02-1.webp","type":"image\/webp"}],"twitter_card":"summary_large_image","schema":{"@context":"https:\/\/schema.org","@graph":[{"@type":"WebPage","@id":"https:\/\/www.castlemain.com\/reflection\/","url":"https:\/\/www.castlemain.com\/reflection\/","name":"R\u00e9flexion - Castlemain Group","isPartOf":{"@id":"https:\/\/www.castlemain.com\/#website"},"datePublished":"2025-07-19T02:59:04+00:00","dateModified":"2025-09-19T00:00:48+00:00","description":"Explorez cet espace d\u00e9di\u00e9 \u00e0 la r\u00e9flexion honn\u00eate et \u00e0 l'apprentissage, alors que nous accompagnons des communaut\u00e9s qui ont \u00e9t\u00e9 historiquement sous-repr\u00e9sent\u00e9es ou marginalis\u00e9es.","breadcrumb":{"@id":"https:\/\/www.castlemain.com\/reflection\/#breadcrumb"},"inLanguage":"fr-FR","potentialAction":[{"@type":"ReadAction","target":["https:\/\/www.castlemain.com\/reflection\/"]}]},{"@type":"BreadcrumbList","@id":"https:\/\/www.castlemain.com\/reflection\/#breadcrumb","itemListElement":[{"@type":"ListItem","position":1,"name":"Home","item":"https:\/\/www.castlemain.com\/fr\/"},{"@type":"ListItem","position":2,"name":"R\u00e9flexion"}]},{"@type":"WebSite","@id":"https:\/\/www.castlemain.com\/#website","url":"https:\/\/www.castlemain.com\/","name":"Castlemain Group","description":"","publisher":{"@id":"https:\/\/www.castlemain.com\/#organization"},"potentialAction":[{"@type":"SearchAction","target":{"@type":"EntryPoint","urlTemplate":"https:\/\/www.castlemain.com\/?s={search_term_string}"},"query-input":{"@type":"PropertyValueSpecification","valueRequired":true,"valueName":"search_term_string"}}],"inLanguage":"fr-FR"},{"@type":"Organization","@id":"https:\/\/www.castlemain.com\/#organization","name":"Castlemain Group","url":"https:\/\/www.castlemain.com\/","logo":{"@type":"ImageObject","inLanguage":"fr-FR","@id":"https:\/\/www.castlemain.com\/#\/schema\/logo\/image\/","url":"https:\/\/www.castlemain.com\/wp-content\/uploads\/2026\/03\/Castlemain-Logo-Black-RGB.svg","contentUrl":"https:\/\/www.castlemain.com\/wp-content\/uploads\/2026\/03\/Castlemain-Logo-Black-RGB.svg","caption":"Castlemain Group"},"image":{"@id":"https:\/\/www.castlemain.com\/#\/schema\/logo\/image\/"}}]}},"_links":{"self":[{"href":"https:\/\/www.castlemain.com\/fr\/wp-json\/wp\/v2\/pages\/601","targetHints":{"allow":["GET"]}}],"collection":[{"href":"https:\/\/www.castlemain.com\/fr\/wp-json\/wp\/v2\/pages"}],"about":[{"href":"https:\/\/www.castlemain.com\/fr\/wp-json\/wp\/v2\/types\/page"}],"author":[{"embeddable":true,"href":"https:\/\/www.castlemain.com\/fr\/wp-json\/wp\/v2\/users\/3"}],"replies":[{"embeddable":true,"href":"https:\/\/www.castlemain.com\/fr\/wp-json\/wp\/v2\/comments?post=601"}],"version-history":[{"count":0,"href":"https:\/\/www.castlemain.com\/fr\/wp-json\/wp\/v2\/pages\/601\/revisions"}],"wp:attachment":[{"href":"https:\/\/www.castlemain.com\/fr\/wp-json\/wp\/v2\/media?parent=601"}],"curies":[{"name":"wp","href":"https:\/\/api.w.org\/{rel}","templated":true}]}}