{"id":724,"date":"2025-07-24T18:41:34","date_gmt":"2025-07-24T18:41:34","guid":{"rendered":"https:\/\/castlemaindev.wpenginepowered.com\/?page_id=724"},"modified":"2025-09-19T00:07:23","modified_gmt":"2025-09-19T00:07:23","slug":"accessibilite","status":"publish","type":"page","link":"https:\/\/www.castlemain.com\/fr\/accessibilite\/","title":{"rendered":"Accessibilit\u00e9"},"content":{"rendered":"","protected":false},"excerpt":{"rendered":"","protected":false},"author":3,"featured_media":0,"parent":0,"menu_order":0,"comment_status":"closed","ping_status":"closed","template":"","meta":{"_acf_changed":false,"inline_featured_image":false,"footnotes":""},"class_list":["post-724","page","type-page","status-publish","hentry"],"acf":[],"yoast_head":"<!-- This site is optimized with the Yoast SEO plugin v27.3 - https:\/\/yoast.com\/product\/yoast-seo-wordpress\/ -->\n<title>Accessibilit\u00e9 - Castlemain Group<\/title>\n<meta name=\"description\" content=\"Engag\u00e9 en faveur de l&#039;accessibilit\u00e9, Castlemain r\u00e9pond aux normes WCAG 2.1 niveau AA. Nous proc\u00e9dons \u00e0 des audits r\u00e9guliers, formons notre \u00e9quipe et proposons des am\u00e9nagements. N&#039;h\u00e9sitez pas \u00e0 nous contacter pour obtenir de l&#039;aide ou des formats alternatifs pour tout contenu.\" \/>\n<meta name=\"robots\" content=\"index, follow, max-snippet:-1, max-image-preview:large, max-video-preview:-1\" \/>\n<link rel=\"canonical\" href=\"https:\/\/www.castlemain.com\/accessibility\/\" \/>\n<meta property=\"og:locale\" content=\"fr_FR\" \/>\n<meta property=\"og:type\" content=\"article\" \/>\n<meta property=\"og:title\" content=\"Accessibilit\u00e9 | Castlemain\" \/>\n<meta property=\"og:description\" content=\"Engag\u00e9 en faveur de l&#039;accessibilit\u00e9, Castlemain r\u00e9pond aux normes WCAG 2.1 niveau AA. Nous proc\u00e9dons \u00e0 des audits r\u00e9guliers, formons notre \u00e9quipe et proposons des am\u00e9nagements. N&#039;h\u00e9sitez pas \u00e0 nous contacter pour obtenir de l&#039;aide ou des formats alternatifs pour tout contenu.\" \/>\n<meta property=\"og:url\" content=\"https:\/\/www.castlemain.com\/accessibility\/\" \/>\n<meta property=\"og:site_name\" content=\"Castlemain Group\" \/>\n<meta property=\"article:modified_time\" content=\"2025-09-19T00:07:23+00:00\" \/>\n<meta property=\"og:image\" content=\"https:\/\/www.castlemain.com\/wp-content\/uploads\/2025\/07\/class_hero.webp\" \/>\n\t<meta property=\"og:image:width\" content=\"1920\" \/>\n\t<meta property=\"og:image:height\" content=\"620\" \/>\n\t<meta property=\"og:image:type\" content=\"image\/webp\" \/>\n<meta name=\"twitter:card\" content=\"summary_large_image\" \/>\n<script type=\"application\/ld+json\" class=\"yoast-schema-graph\">{\"@context\":\"https:\\\/\\\/schema.org\",\"@graph\":[{\"@type\":\"WebPage\",\"@id\":\"https:\\\/\\\/www.castlemain.com\\\/accessibility\\\/\",\"url\":\"https:\\\/\\\/www.castlemain.com\\\/accessibility\\\/\",\"name\":\"Accessibilit\u00e9 - Castlemain Group\",\"isPartOf\":{\"@id\":\"https:\\\/\\\/www.castlemain.com\\\/#website\"},\"datePublished\":\"2025-07-24T18:41:34+00:00\",\"dateModified\":\"2025-09-19T00:07:23+00:00\",\"description\":\"Engag\u00e9 en faveur de l'accessibilit\u00e9, Castlemain r\u00e9pond aux normes WCAG 2.1 niveau AA. Nous proc\u00e9dons \u00e0 des audits r\u00e9guliers, formons notre \u00e9quipe et proposons des am\u00e9nagements. N'h\u00e9sitez pas \u00e0 nous contacter pour obtenir de l'aide ou des formats alternatifs pour tout contenu.\",\"breadcrumb\":{\"@id\":\"https:\\\/\\\/www.castlemain.com\\\/accessibility\\\/#breadcrumb\"},\"inLanguage\":\"fr-FR\",\"potentialAction\":[{\"@type\":\"ReadAction\",\"target\":[\"https:\\\/\\\/www.castlemain.com\\\/accessibility\\\/\"]}]},{\"@type\":\"BreadcrumbList\",\"@id\":\"https:\\\/\\\/www.castlemain.com\\\/accessibility\\\/#breadcrumb\",\"itemListElement\":[{\"@type\":\"ListItem\",\"position\":1,\"name\":\"Home\",\"item\":\"https:\\\/\\\/www.castlemain.com\\\/fr\\\/\"},{\"@type\":\"ListItem\",\"position\":2,\"name\":\"Accessibilit\u00e9\"}]},{\"@type\":\"WebSite\",\"@id\":\"https:\\\/\\\/www.castlemain.com\\\/#website\",\"url\":\"https:\\\/\\\/www.castlemain.com\\\/\",\"name\":\"Castlemain Group\",\"description\":\"\",\"publisher\":{\"@id\":\"https:\\\/\\\/www.castlemain.com\\\/#organization\"},\"potentialAction\":[{\"@type\":\"SearchAction\",\"target\":{\"@type\":\"EntryPoint\",\"urlTemplate\":\"https:\\\/\\\/www.castlemain.com\\\/?s={search_term_string}\"},\"query-input\":{\"@type\":\"PropertyValueSpecification\",\"valueRequired\":true,\"valueName\":\"search_term_string\"}}],\"inLanguage\":\"fr-FR\"},{\"@type\":\"Organization\",\"@id\":\"https:\\\/\\\/www.castlemain.com\\\/#organization\",\"name\":\"Castlemain Group\",\"url\":\"https:\\\/\\\/www.castlemain.com\\\/\",\"logo\":{\"@type\":\"ImageObject\",\"inLanguage\":\"fr-FR\",\"@id\":\"https:\\\/\\\/www.castlemain.com\\\/#\\\/schema\\\/logo\\\/image\\\/\",\"url\":\"https:\\\/\\\/www.castlemain.com\\\/wp-content\\\/uploads\\\/2026\\\/03\\\/Castlemain-Logo-Black-RGB.svg\",\"contentUrl\":\"https:\\\/\\\/www.castlemain.com\\\/wp-content\\\/uploads\\\/2026\\\/03\\\/Castlemain-Logo-Black-RGB.svg\",\"caption\":\"Castlemain Group\"},\"image\":{\"@id\":\"https:\\\/\\\/www.castlemain.com\\\/#\\\/schema\\\/logo\\\/image\\\/\"}}]}<\/script>\n<!-- \/ Yoast SEO plugin. -->","yoast_head_json":{"title":"Accessibilit\u00e9 - Castlemain Group","description":"Engag\u00e9 en faveur de l'accessibilit\u00e9, Castlemain r\u00e9pond aux normes WCAG 2.1 niveau AA. Nous proc\u00e9dons \u00e0 des audits r\u00e9guliers, formons notre \u00e9quipe et proposons des am\u00e9nagements. N'h\u00e9sitez pas \u00e0 nous contacter pour obtenir de l'aide ou des formats alternatifs pour tout contenu.","robots":{"index":"index","follow":"follow","max-snippet":"max-snippet:-1","max-image-preview":"max-image-preview:large","max-video-preview":"max-video-preview:-1"},"canonical":"https:\/\/www.castlemain.com\/accessibility\/","og_locale":"fr_FR","og_type":"article","og_title":"Accessibilit\u00e9 | Castlemain","og_description":"Engag\u00e9 en faveur de l'accessibilit\u00e9, Castlemain r\u00e9pond aux normes WCAG 2.1 niveau AA. Nous proc\u00e9dons \u00e0 des audits r\u00e9guliers, formons notre \u00e9quipe et proposons des am\u00e9nagements. N'h\u00e9sitez pas \u00e0 nous contacter pour obtenir de l'aide ou des formats alternatifs pour tout contenu.","og_url":"https:\/\/www.castlemain.com\/accessibility\/","og_site_name":"Castlemain Group","article_modified_time":"2025-09-19T00:07:23+00:00","og_image":[{"width":1920,"height":620,"url":"https:\/\/www.castlemain.com\/wp-content\/uploads\/2025\/07\/class_hero.webp","type":"image\/webp"}],"twitter_card":"summary_large_image","schema":{"@context":"https:\/\/schema.org","@graph":[{"@type":"WebPage","@id":"https:\/\/www.castlemain.com\/accessibility\/","url":"https:\/\/www.castlemain.com\/accessibility\/","name":"Accessibilit\u00e9 - Castlemain Group","isPartOf":{"@id":"https:\/\/www.castlemain.com\/#website"},"datePublished":"2025-07-24T18:41:34+00:00","dateModified":"2025-09-19T00:07:23+00:00","description":"Engag\u00e9 en faveur de l'accessibilit\u00e9, Castlemain r\u00e9pond aux normes WCAG 2.1 niveau AA. Nous proc\u00e9dons \u00e0 des audits r\u00e9guliers, formons notre \u00e9quipe et proposons des am\u00e9nagements. N'h\u00e9sitez pas \u00e0 nous contacter pour obtenir de l'aide ou des formats alternatifs pour tout contenu.","breadcrumb":{"@id":"https:\/\/www.castlemain.com\/accessibility\/#breadcrumb"},"inLanguage":"fr-FR","potentialAction":[{"@type":"ReadAction","target":["https:\/\/www.castlemain.com\/accessibility\/"]}]},{"@type":"BreadcrumbList","@id":"https:\/\/www.castlemain.com\/accessibility\/#breadcrumb","itemListElement":[{"@type":"ListItem","position":1,"name":"Home","item":"https:\/\/www.castlemain.com\/fr\/"},{"@type":"ListItem","position":2,"name":"Accessibilit\u00e9"}]},{"@type":"WebSite","@id":"https:\/\/www.castlemain.com\/#website","url":"https:\/\/www.castlemain.com\/","name":"Castlemain Group","description":"","publisher":{"@id":"https:\/\/www.castlemain.com\/#organization"},"potentialAction":[{"@type":"SearchAction","target":{"@type":"EntryPoint","urlTemplate":"https:\/\/www.castlemain.com\/?s={search_term_string}"},"query-input":{"@type":"PropertyValueSpecification","valueRequired":true,"valueName":"search_term_string"}}],"inLanguage":"fr-FR"},{"@type":"Organization","@id":"https:\/\/www.castlemain.com\/#organization","name":"Castlemain Group","url":"https:\/\/www.castlemain.com\/","logo":{"@type":"ImageObject","inLanguage":"fr-FR","@id":"https:\/\/www.castlemain.com\/#\/schema\/logo\/image\/","url":"https:\/\/www.castlemain.com\/wp-content\/uploads\/2026\/03\/Castlemain-Logo-Black-RGB.svg","contentUrl":"https:\/\/www.castlemain.com\/wp-content\/uploads\/2026\/03\/Castlemain-Logo-Black-RGB.svg","caption":"Castlemain Group"},"image":{"@id":"https:\/\/www.castlemain.com\/#\/schema\/logo\/image\/"}}]}},"_links":{"self":[{"href":"https:\/\/www.castlemain.com\/fr\/wp-json\/wp\/v2\/pages\/724","targetHints":{"allow":["GET"]}}],"collection":[{"href":"https:\/\/www.castlemain.com\/fr\/wp-json\/wp\/v2\/pages"}],"about":[{"href":"https:\/\/www.castlemain.com\/fr\/wp-json\/wp\/v2\/types\/page"}],"author":[{"embeddable":true,"href":"https:\/\/www.castlemain.com\/fr\/wp-json\/wp\/v2\/users\/3"}],"replies":[{"embeddable":true,"href":"https:\/\/www.castlemain.com\/fr\/wp-json\/wp\/v2\/comments?post=724"}],"version-history":[{"count":0,"href":"https:\/\/www.castlemain.com\/fr\/wp-json\/wp\/v2\/pages\/724\/revisions"}],"wp:attachment":[{"href":"https:\/\/www.castlemain.com\/fr\/wp-json\/wp\/v2\/media?parent=724"}],"curies":[{"name":"wp","href":"https:\/\/api.w.org\/{rel}","templated":true}]}}